{"id":701,"date":"2021-03-13T13:46:42","date_gmt":"2021-03-13T12:46:42","guid":{"rendered":"https:\/\/project-render.fr\/?page_id=701"},"modified":"2021-10-18T16:35:54","modified_gmt":"2021-10-18T14:35:54","slug":"animation-2d3d-tracking-2d3d","status":"publish","type":"page","link":"https:\/\/project-render.fr\/?page_id=701","title":{"rendered":"ANIMATION 2D\/3D"},"content":{"rendered":"<div id=\"pl-701\"  class=\"panel-layout\" ><div id=\"pg-701-0\"  class=\"panel-grid panel-has-style\" ><div class=\"panel-row-style panel-row-style-for-701-0\" ><div id=\"pgc-701-0-0\"  class=\"panel-grid-cell\" ><div id=\"panel-701-0-0-0\" class=\"so-panel widget widget_black-studio-tinymce widget_black_studio_tinymce panel-first-child panel-last-child\" data-index=\"0\" ><div class=\"panel-widget-style panel-widget-style-for-701-0-0-0\" ><div class=\"textwidget\"><h5 style=\"text-align: center;\"><strong>ANIMATION 3D - <\/strong><strong>VISITE A 360\u00b0<\/strong><\/h5>\n<\/div><\/div><\/div><\/div><\/div><\/div><div id=\"pg-701-1\"  class=\"panel-grid panel-has-style\" ><div class=\"panel-row-style panel-row-style-for-701-1\" ><div id=\"pgc-701-1-0\"  class=\"panel-grid-cell panel-grid-cell-empty\" ><\/div><div id=\"pgc-701-1-1\"  class=\"panel-grid-cell\" ><div id=\"panel-701-1-1-0\" class=\"so-panel widget widget_black-studio-tinymce widget_black_studio_tinymce panel-first-child panel-last-child\" data-index=\"1\" ><div class=\"panel-widget-style panel-widget-style-for-701-1-1-0\" ><div class=\"textwidget\"><h4 style=\"text-align: center;\"><div id='ggpkg_container_0_701' style='width:640px; height:480px; position: relative;'>\nLoading...\n<\/div>\n<script type='text\/javascript' src='https:\/\/project-render.fr\/wp-content\/uploads\/2021\/10\/scene_loft_360_03\/pano2vr_player.js'><\/script>\n<script type='text\/javascript' src='https:\/\/project-render.fr\/wp-content\/uploads\/2021\/10\/scene_loft_360_03\/skin.js'><\/script>\n<script type='text\/javascript'>\nwindow.addEventListener('load',function() {\nif  (typeof scene_loft_360_03_pano2vrPlayer != 'undefined') {\n\tpano_0_701=new scene_loft_360_03_pano2vrPlayer('ggpkg_container_0_701');\n} else {\n\tpano_0_701=new pano2vrPlayer('ggpkg_container_0_701');\n}\nif  (typeof scene_loft_360_03_pano2vrSkin != 'undefined') {\n\tskin_0_701=new scene_loft_360_03_pano2vrSkin(pano_0_701, 'https:\/\/project-render.fr\/wp-content\/uploads\/2021\/10\/scene_loft_360_03\/');\n} else {\n\tskin_0_701=new pano2vrSkin(pano_0_701, 'https:\/\/project-render.fr\/wp-content\/uploads\/2021\/10\/scene_loft_360_03\/');\n}\npano_0_701.readConfigUrlAsync('https:\/\/project-render.fr\/wp-content\/uploads\/2021\/10\/scene_loft_360_03\/pano.xml');\nvar contentOverflow = document.getElementById('content') ? document.getElementById('content').style.overflow : '';\npano_0_701.addListener('fullscreenenter', function() {\n\tif (document.getElementById('content')) {\n\t\tdocument.getElementById('content').style.overflow = 'visible';\n\t}\n});\npano_0_701.addListener('fullscreenexit', function() {\n\tif (document.getElementById('content')) {\n\t\tdocument.getElementById('content').style.overflow = contentOverflow;\n\t}\n});\n\n});\n<\/script>\n<\/h4>\n<\/div><\/div><\/div><\/div><\/div><\/div><div id=\"pg-701-2\"  class=\"panel-grid panel-has-style\" ><div class=\"panel-row-style panel-row-style-for-701-2\" ><div id=\"pgc-701-2-0\"  class=\"panel-grid-cell panel-grid-cell-empty\" ><\/div><div id=\"pgc-701-2-1\"  class=\"panel-grid-cell panel-grid-cell-mobile-last\" ><div id=\"panel-701-2-1-0\" class=\"so-panel widget widget_black-studio-tinymce widget_black_studio_tinymce panel-first-child\" data-index=\"2\" ><div class=\"panel-widget-style panel-widget-style-for-701-2-1-0\" ><div class=\"textwidget\"><h5 style=\"text-align: center;\"><strong>TRACKING 2D<\/strong><\/h5>\n<\/div><\/div><\/div><div id=\"panel-701-2-1-1\" class=\"so-panel widget widget_media_video\" data-index=\"3\" ><div class=\"panel-widget-style panel-widget-style-for-701-2-1-1\" ><div style=\"width:100%;\" class=\"wp-video\"><video class=\"wp-video-shortcode\" id=\"video-701-1\" preload=\"metadata\" controls=\"controls\"><source type=\"video\/webm\" src=\"https:\/\/project-render.fr\/wp-content\/uploads\/2021\/03\/CHICAGO_v2.webmhd.webm?_=1\" \/><source type=\"video\/webm\" src=\"https:\/\/project-render.fr\/wp-content\/uploads\/2021\/03\/CHICAGO_v2.webmhd.webm?_=1\" \/><a href=\"https:\/\/project-render.fr\/wp-content\/uploads\/2021\/03\/CHICAGO_v2.webmhd.webm\">https:\/\/project-render.fr\/wp-content\/uploads\/2021\/03\/CHICAGO_v2.webmhd.webm<\/a><\/video><\/div><\/div><\/div><div id=\"panel-701-2-1-2\" class=\"so-panel widget widget_black-studio-tinymce widget_black_studio_tinymce\" data-index=\"4\" ><div class=\"panel-widget-style panel-widget-style-for-701-2-1-2\" ><div class=\"textwidget\"><h5 style=\"text-align: center;\"><strong>TRACKING 3D<\/strong><\/h5>\n<\/div><\/div><\/div><div id=\"panel-701-2-1-3\" class=\"so-panel widget widget_media_video panel-last-child\" data-index=\"5\" ><div class=\"panel-widget-style panel-widget-style-for-701-2-1-3\" ><div style=\"width:100%;\" class=\"wp-video\"><video class=\"wp-video-shortcode\" id=\"video-701-2\" preload=\"metadata\" controls=\"controls\"><source type=\"video\/webm\" src=\"https:\/\/project-render.fr\/wp-content\/uploads\/2021\/03\/TRACKING_3D_AMIENS.webmhd.webm?_=2\" \/><source type=\"video\/webm\" src=\"https:\/\/project-render.fr\/wp-content\/uploads\/2021\/03\/TRACKING_3D_AMIENS.webmhd.webm?_=2\" \/><a href=\"https:\/\/project-render.fr\/wp-content\/uploads\/2021\/03\/TRACKING_3D_AMIENS.webmhd.webm\">https:\/\/project-render.fr\/wp-content\/uploads\/2021\/03\/TRACKING_3D_AMIENS.webmhd.webm<\/a><\/video><\/div><\/div><\/div><\/div><div id=\"pgc-701-2-2\"  class=\"panel-grid-cell panel-grid-cell-empty\" ><\/div><\/div><\/div><div id=\"pg-701-3\"  class=\"panel-grid panel-no-style\" ><div id=\"pgc-701-3-0\"  class=\"panel-grid-cell\" ><div id=\"panel-701-3-0-0\" class=\"so-panel widget widget_black-studio-tinymce widget_black_studio_tinymce panel-first-child panel-last-child\" data-index=\"6\" ><div class=\"textwidget\"><h5 style=\"text-align: center;\"><strong>ANIMATION 3D<\/strong><\/h5>\n<\/div><\/div><\/div><\/div><div id=\"pg-701-4\"  class=\"panel-grid panel-has-style\" ><div class=\"panel-row-style panel-row-style-for-701-4\" ><div id=\"pgc-701-4-0\"  class=\"panel-grid-cell\" ><div id=\"panel-701-4-0-0\" class=\"so-panel widget widget_media_video panel-first-child panel-last-child\" data-index=\"7\" ><div style=\"width:100%;\" class=\"wp-video\"><video class=\"wp-video-shortcode\" id=\"video-701-3\" preload=\"metadata\" controls=\"controls\"><source type=\"video\/webm\" src=\"https:\/\/project-render.fr\/wp-content\/uploads\/2021\/03\/Film_Maquette_3D_01-voix_off.webmhd.webm?_=3\" \/><source type=\"video\/webm\" src=\"https:\/\/project-render.fr\/wp-content\/uploads\/2021\/03\/Film_Maquette_3D_01-voix_off.webmhd.webm?_=3\" \/><a href=\"https:\/\/project-render.fr\/wp-content\/uploads\/2021\/03\/Film_Maquette_3D_01-voix_off.webmhd.webm\">https:\/\/project-render.fr\/wp-content\/uploads\/2021\/03\/Film_Maquette_3D_01-voix_off.webmhd.webm<\/a><\/video><\/div><\/div><\/div><div id=\"pgc-701-4-1\"  class=\"panel-grid-cell\" ><div id=\"panel-701-4-1-0\" class=\"so-panel widget widget_media_video panel-first-child panel-last-child\" data-index=\"8\" ><div style=\"width:100%;\" class=\"wp-video\"><video class=\"wp-video-shortcode\" id=\"video-701-4\" preload=\"metadata\" controls=\"controls\"><source type=\"video\/webm\" src=\"https:\/\/project-render.fr\/wp-content\/uploads\/2021\/03\/SALON_EXPO.webmhd.webm?_=4\" \/><source type=\"video\/webm\" src=\"https:\/\/project-render.fr\/wp-content\/uploads\/2021\/03\/SALON_EXPO.webmhd.webm?_=4\" \/><a href=\"https:\/\/project-render.fr\/wp-content\/uploads\/2021\/03\/SALON_EXPO.webmhd.webm\">https:\/\/project-render.fr\/wp-content\/uploads\/2021\/03\/SALON_EXPO.webmhd.webm<\/a><\/video><\/div><\/div><\/div><div id=\"pgc-701-4-2\"  class=\"panel-grid-cell\" ><div id=\"panel-701-4-2-0\" class=\"so-panel widget widget_media_video panel-first-child panel-last-child\" data-index=\"9\" ><div style=\"width:100%;\" class=\"wp-video\"><video class=\"wp-video-shortcode\" id=\"video-701-5\" preload=\"metadata\" controls=\"controls\"><source type=\"video\/webm\" src=\"https:\/\/project-render.fr\/wp-content\/uploads\/2021\/03\/VILLA_PISCINE_septembre_2020.webmhd.webm?_=5\" \/><source type=\"video\/webm\" src=\"https:\/\/project-render.fr\/wp-content\/uploads\/2021\/03\/VILLA_PISCINE_septembre_2020.webmhd.webm?_=5\" \/><a href=\"https:\/\/project-render.fr\/wp-content\/uploads\/2021\/03\/VILLA_PISCINE_septembre_2020.webmhd.webm\">https:\/\/project-render.fr\/wp-content\/uploads\/2021\/03\/VILLA_PISCINE_septembre_2020.webmhd.webm<\/a><\/video><\/div><\/div><\/div><\/div><\/div><\/div>","protected":false},"excerpt":{"rendered":"<p>ANIMATION 3D &#8211; VISITE A 360\u00b0<\/p>\n","protected":false},"author":1,"featured_media":0,"parent":0,"menu_order":0,"comment_status":"closed","ping_status":"closed","template":"","meta":{"footnotes":""},"class_list":["post-701","page","type-page","status-publish","hentry"],"yoast_head":"<!-- This site is optimized with the Yoast SEO plugin v23.2 - https:\/\/yoast.com\/wordpress\/plugins\/seo\/ -->\n<title>ANIMATION 2D\/3D - project-render<\/title>\n<meta name=\"description\" content=\"PROJECT-RENDER, r\u00e9alise des animations 3D pour la pr\u00e9sentation de vos bien immobilier, mais \u00e9galement de vos packagings produit.\" \/>\n<meta name=\"robots\" content=\"index, follow, max-snippet:-1, max-image-preview:large, max-video-preview:-1\" \/>\n<link rel=\"canonical\" href=\"https:\/\/project-render.fr\/?page_id=701\" \/>\n<meta property=\"og:locale\" content=\"fr_FR\" \/>\n<meta property=\"og:type\" content=\"article\" \/>\n<meta property=\"og:title\" content=\"ANIMATION 2D\/3D - project-render\" \/>\n<meta property=\"og:description\" content=\"PROJECT-RENDER, r\u00e9alise des animations 3D pour la pr\u00e9sentation de vos bien immobilier, mais \u00e9galement de vos packagings produit.\" \/>\n<meta property=\"og:url\" content=\"https:\/\/project-render.fr\/?page_id=701\" \/>\n<meta property=\"og:site_name\" content=\"project-render\" \/>\n<meta property=\"article:modified_time\" content=\"2021-10-18T14:35:54+00:00\" \/>\n<meta name=\"twitter:card\" content=\"summary_large_image\" \/>\n<meta name=\"twitter:label1\" content=\"Dur\u00e9e de lecture estim\u00e9e\" \/>\n\t<meta name=\"twitter:data1\" content=\"1 minute\" \/>\n<script type=\"application\/ld+json\" class=\"yoast-schema-graph\">{\"@context\":\"https:\/\/schema.org\",\"@graph\":[{\"@type\":\"WebPage\",\"@id\":\"https:\/\/project-render.fr\/?page_id=701\",\"url\":\"https:\/\/project-render.fr\/?page_id=701\",\"name\":\"ANIMATION 2D\/3D - project-render\",\"isPartOf\":{\"@id\":\"https:\/\/project-render.fr\/#website\"},\"datePublished\":\"2021-03-13T12:46:42+00:00\",\"dateModified\":\"2021-10-18T14:35:54+00:00\",\"description\":\"PROJECT-RENDER, r\u00e9alise des animations 3D pour la pr\u00e9sentation de vos bien immobilier, mais \u00e9galement de vos packagings produit.\",\"breadcrumb\":{\"@id\":\"https:\/\/project-render.fr\/?page_id=701#breadcrumb\"},\"inLanguage\":\"fr-FR\",\"potentialAction\":[{\"@type\":\"ReadAction\",\"target\":[\"https:\/\/project-render.fr\/?page_id=701\"]}]},{\"@type\":\"BreadcrumbList\",\"@id\":\"https:\/\/project-render.fr\/?page_id=701#breadcrumb\",\"itemListElement\":[{\"@type\":\"ListItem\",\"position\":1,\"name\":\"Accueil\",\"item\":\"https:\/\/project-render.fr\/\"},{\"@type\":\"ListItem\",\"position\":2,\"name\":\"ANIMATION 2D\/3D\"}]},{\"@type\":\"WebSite\",\"@id\":\"https:\/\/project-render.fr\/#website\",\"url\":\"https:\/\/project-render.fr\/\",\"name\":\"project-render\",\"description\":\"DESSINATEUR PROJETEUR  en rendu 3D architecturale &amp; design\",\"publisher\":{\"@id\":\"https:\/\/project-render.fr\/#organization\"},\"potentialAction\":[{\"@type\":\"SearchAction\",\"target\":{\"@type\":\"EntryPoint\",\"urlTemplate\":\"https:\/\/project-render.fr\/?s={search_term_string}\"},\"query-input\":\"required name=search_term_string\"}],\"inLanguage\":\"fr-FR\"},{\"@type\":\"Organization\",\"@id\":\"https:\/\/project-render.fr\/#organization\",\"name\":\"project-render\",\"url\":\"https:\/\/project-render.fr\/\",\"logo\":{\"@type\":\"ImageObject\",\"inLanguage\":\"fr-FR\",\"@id\":\"https:\/\/project-render.fr\/#\/schema\/logo\/image\/\",\"url\":\"https:\/\/project-render.fr\/wp-content\/uploads\/2022\/05\/LOGO.png\",\"contentUrl\":\"https:\/\/project-render.fr\/wp-content\/uploads\/2022\/05\/LOGO.png\",\"width\":512,\"height\":512,\"caption\":\"project-render\"},\"image\":{\"@id\":\"https:\/\/project-render.fr\/#\/schema\/logo\/image\/\"}}]}<\/script>\n<!-- \/ Yoast SEO plugin. -->","yoast_head_json":{"title":"ANIMATION 2D\/3D - project-render","description":"PROJECT-RENDER, r\u00e9alise des animations 3D pour la pr\u00e9sentation de vos bien immobilier, mais \u00e9galement de vos packagings produit.","robots":{"index":"index","follow":"follow","max-snippet":"max-snippet:-1","max-image-preview":"max-image-preview:large","max-video-preview":"max-video-preview:-1"},"canonical":"https:\/\/project-render.fr\/?page_id=701","og_locale":"fr_FR","og_type":"article","og_title":"ANIMATION 2D\/3D - project-render","og_description":"PROJECT-RENDER, r\u00e9alise des animations 3D pour la pr\u00e9sentation de vos bien immobilier, mais \u00e9galement de vos packagings produit.","og_url":"https:\/\/project-render.fr\/?page_id=701","og_site_name":"project-render","article_modified_time":"2021-10-18T14:35:54+00:00","twitter_card":"summary_large_image","twitter_misc":{"Dur\u00e9e de lecture estim\u00e9e":"1 minute"},"schema":{"@context":"https:\/\/schema.org","@graph":[{"@type":"WebPage","@id":"https:\/\/project-render.fr\/?page_id=701","url":"https:\/\/project-render.fr\/?page_id=701","name":"ANIMATION 2D\/3D - project-render","isPartOf":{"@id":"https:\/\/project-render.fr\/#website"},"datePublished":"2021-03-13T12:46:42+00:00","dateModified":"2021-10-18T14:35:54+00:00","description":"PROJECT-RENDER, r\u00e9alise des animations 3D pour la pr\u00e9sentation de vos bien immobilier, mais \u00e9galement de vos packagings produit.","breadcrumb":{"@id":"https:\/\/project-render.fr\/?page_id=701#breadcrumb"},"inLanguage":"fr-FR","potentialAction":[{"@type":"ReadAction","target":["https:\/\/project-render.fr\/?page_id=701"]}]},{"@type":"BreadcrumbList","@id":"https:\/\/project-render.fr\/?page_id=701#breadcrumb","itemListElement":[{"@type":"ListItem","position":1,"name":"Accueil","item":"https:\/\/project-render.fr\/"},{"@type":"ListItem","position":2,"name":"ANIMATION 2D\/3D"}]},{"@type":"WebSite","@id":"https:\/\/project-render.fr\/#website","url":"https:\/\/project-render.fr\/","name":"project-render","description":"DESSINATEUR PROJETEUR  en rendu 3D architecturale &amp; design","publisher":{"@id":"https:\/\/project-render.fr\/#organization"},"potentialAction":[{"@type":"SearchAction","target":{"@type":"EntryPoint","urlTemplate":"https:\/\/project-render.fr\/?s={search_term_string}"},"query-input":"required name=search_term_string"}],"inLanguage":"fr-FR"},{"@type":"Organization","@id":"https:\/\/project-render.fr\/#organization","name":"project-render","url":"https:\/\/project-render.fr\/","logo":{"@type":"ImageObject","inLanguage":"fr-FR","@id":"https:\/\/project-render.fr\/#\/schema\/logo\/image\/","url":"https:\/\/project-render.fr\/wp-content\/uploads\/2022\/05\/LOGO.png","contentUrl":"https:\/\/project-render.fr\/wp-content\/uploads\/2022\/05\/LOGO.png","width":512,"height":512,"caption":"project-render"},"image":{"@id":"https:\/\/project-render.fr\/#\/schema\/logo\/image\/"}}]}},"_links":{"self":[{"href":"https:\/\/project-render.fr\/index.php?rest_route=\/wp\/v2\/pages\/701","targetHints":{"allow":["GET"]}}],"collection":[{"href":"https:\/\/project-render.fr\/index.php?rest_route=\/wp\/v2\/pages"}],"about":[{"href":"https:\/\/project-render.fr\/index.php?rest_route=\/wp\/v2\/types\/page"}],"author":[{"embeddable":true,"href":"https:\/\/project-render.fr\/index.php?rest_route=\/wp\/v2\/users\/1"}],"replies":[{"embeddable":true,"href":"https:\/\/project-render.fr\/index.php?rest_route=%2Fwp%2Fv2%2Fcomments&post=701"}],"version-history":[{"count":65,"href":"https:\/\/project-render.fr\/index.php?rest_route=\/wp\/v2\/pages\/701\/revisions"}],"predecessor-version":[{"id":752,"href":"https:\/\/project-render.fr\/index.php?rest_route=\/wp\/v2\/pages\/701\/revisions\/752"}],"wp:attachment":[{"href":"https:\/\/project-render.fr\/index.php?rest_route=%2Fwp%2Fv2%2Fmedia&parent=701"}],"curies":[{"name":"wp","href":"https:\/\/api.w.org\/{rel}","templated":true}]}}