{"id":669,"date":"2021-03-13T11:56:12","date_gmt":"2021-03-13T10:56:12","guid":{"rendered":"https:\/\/project-render.fr\/?page_id=669"},"modified":"2021-04-27T11:49:28","modified_gmt":"2021-04-27T09:49:28","slug":"visite-virtuelle-animation-3d","status":"publish","type":"page","link":"https:\/\/project-render.fr\/?page_id=669","title":{"rendered":"VISITE VIRTUELLE"},"content":{"rendered":"<div id=\"pl-669\"  class=\"panel-layout\" ><div id=\"pg-669-0\"  class=\"panel-grid panel-has-style\" ><div class=\"siteorigin-panels-stretch panel-row-style panel-row-style-for-669-0\" data-stretch-type=\"full\" ><div id=\"pgc-669-0-0\"  class=\"panel-grid-cell\" ><div id=\"panel-669-0-0-0\" class=\"so-panel widget widget_black-studio-tinymce widget_black_studio_tinymce panel-first-child\" data-index=\"0\" ><div class=\"textwidget\"><h6 style=\"text-align: center;\"><strong>STUDIO<\/strong><\/h6>\n<\/div><\/div><div id=\"panel-669-0-0-1\" class=\"so-panel widget widget_sow-video panel-last-child\" data-index=\"1\" ><div\n\t\t\t\n\t\t\tclass=\"so-widget-sow-video so-widget-sow-video-default-f379b959fc93-669\"\n\t\t\t\n\t\t>\n<div class=\"sow-video-wrapper\n\">\n\t\t\t<video\n\t\t\tid=\"sow-player-1\" class=\"sow-video-widget\" preload=\"auto\" style=\"width:100%;height:100%;\" controls \t\t>\n\t\t\t\t\t\t\t<source type=\"video\/webm\" src=\"https:\/\/project-render.fr\/wp-content\/uploads\/2021\/03\/Visite_01.webmhd.webm\"\/>\n\t\t\t\t\t\t\t<source type=\"video\/mp4\" src=\"https:\/\/project-render.fr\/wp-content\/uploads\/2021\/03\/Visite_01.mp4.mp4\"\/>\n\t\t\t\t\t<\/video>\n\t<\/div>\n<\/div><\/div><\/div><div id=\"pgc-669-0-1\"  class=\"panel-grid-cell panel-grid-cell-mobile-last\" ><div id=\"panel-669-0-1-0\" class=\"so-panel widget widget_black-studio-tinymce widget_black_studio_tinymce panel-first-child\" data-index=\"2\" ><div class=\"textwidget\"><h6 style=\"text-align: center;\"><strong>APPARTEMENT<\/strong><\/h6>\n<\/div><\/div><div id=\"panel-669-0-1-1\" class=\"so-panel widget widget_sow-video panel-last-child\" data-index=\"3\" ><div\n\t\t\t\n\t\t\tclass=\"so-widget-sow-video so-widget-sow-video-default-f379b959fc93-669\"\n\t\t\t\n\t\t>\n<div class=\"sow-video-wrapper\n\">\n\t\t\t<video\n\t\t\tid=\"sow-player-2\" class=\"sow-video-widget\" preload=\"auto\" style=\"width:100%;height:100%;\" controls \t\t>\n\t\t\t\t\t\t\t<source type=\"video\/webm\" src=\"https:\/\/project-render.fr\/wp-content\/uploads\/2021\/03\/Visite_B_Appartement.webmhd.webm\"\/>\n\t\t\t\t\t\t\t<source type=\"video\/mp4\" src=\"https:\/\/project-render.fr\/wp-content\/uploads\/2021\/03\/Visite_B_Appartement.mp4.mp4\"\/>\n\t\t\t\t\t<\/video>\n\t<\/div>\n<\/div><\/div><\/div><div id=\"pgc-669-0-2\"  class=\"panel-grid-cell panel-grid-cell-empty\" ><\/div><\/div><\/div><div id=\"pg-669-1\"  class=\"panel-grid panel-no-style\" ><div id=\"pgc-669-1-0\"  class=\"panel-grid-cell\" ><div id=\"panel-669-1-0-0\" class=\"so-panel widget widget_black-studio-tinymce widget_black_studio_tinymce panel-first-child panel-last-child\" data-index=\"4\" ><div class=\"textwidget\"><h1 style=\"text-align: center;\"><strong>PROCHAINEMENT :<\/strong><\/h1>\n<p>&nbsp;<\/p>\n<p>La cr\u00e9ation de visite virtuelle temps r\u00e9el sera disponible pour une interaction encore plus pouss\u00e9e de votre projet.<\/p>\n<p>Vous pourrez gr\u00e2ce \u00e0 une tablette, un smartphone ou encore un casque VR de type Oculus, vous immerger dans votre programme immobilier.<\/p>\n<ul>\n<li>Se d\u00e9placer,<\/li>\n<li>Ouvrir ou fermer une porte,<\/li>\n<li>Allumer ou \u00e9teindre les lumi\u00e8res,<\/li>\n<li>Bouger les meuble,<\/li>\n<li>etc...,<\/li>\n<\/ul>\n<p>Cette nouvelle prestation vous distinguera de la concurrence.<\/p>\n<\/div><\/div><\/div><\/div><\/div>","protected":false},"excerpt":{"rendered":"<p>STUDIO APPARTEMENT PROCHAINEMENT : &nbsp; La cr\u00e9ation de visite virtuelle temps r\u00e9el sera disponible pour une interaction encore plus pouss\u00e9e de votre projet. Vous pourrez gr\u00e2ce \u00e0 une tablette, un smartphone ou encore un casque VR de type Oculus, vous immerger dans votre programme immobilier. Se d\u00e9placer, Ouvrir ou fermer&#8230; <a class=\"continue-reading-link\" href=\"https:\/\/project-render.fr\/?page_id=669\"> Continue reading <span class=\"meta-nav\">&rarr; <\/span><\/a><\/p>\n","protected":false},"author":1,"featured_media":0,"parent":0,"menu_order":0,"comment_status":"closed","ping_status":"closed","template":"","meta":{"footnotes":""},"class_list":["post-669","page","type-page","status-publish","hentry"],"yoast_head":"<!-- This site is optimized with the Yoast SEO plugin v23.2 - https:\/\/yoast.com\/wordpress\/plugins\/seo\/ -->\n<title>VISITE VIRTUELLE - project-render<\/title>\n<meta name=\"description\" content=\"Vous recherchez \u00e0 r\u00e9aliser des visuelles de type animation 3d, visite virtuelle, PROJECT-RENDER les r\u00e9alise pour vous.\" \/>\n<meta name=\"robots\" content=\"index, follow, max-snippet:-1, max-image-preview:large, max-video-preview:-1\" \/>\n<link rel=\"canonical\" href=\"https:\/\/project-render.fr\/?page_id=669\" \/>\n<meta property=\"og:locale\" content=\"fr_FR\" \/>\n<meta property=\"og:type\" content=\"article\" \/>\n<meta property=\"og:title\" content=\"VISITE VIRTUELLE - project-render\" \/>\n<meta property=\"og:description\" content=\"Vous recherchez \u00e0 r\u00e9aliser des visuelles de type animation 3d, visite virtuelle, PROJECT-RENDER les r\u00e9alise pour vous.\" \/>\n<meta property=\"og:url\" content=\"https:\/\/project-render.fr\/?page_id=669\" \/>\n<meta property=\"og:site_name\" content=\"project-render\" \/>\n<meta property=\"article:modified_time\" content=\"2021-04-27T09:49:28+00:00\" \/>\n<meta name=\"twitter:card\" content=\"summary_large_image\" \/>\n<meta name=\"twitter:label1\" content=\"Dur\u00e9e de lecture estim\u00e9e\" \/>\n\t<meta name=\"twitter:data1\" content=\"1 minute\" \/>\n<script type=\"application\/ld+json\" class=\"yoast-schema-graph\">{\"@context\":\"https:\/\/schema.org\",\"@graph\":[{\"@type\":\"WebPage\",\"@id\":\"https:\/\/project-render.fr\/?page_id=669\",\"url\":\"https:\/\/project-render.fr\/?page_id=669\",\"name\":\"VISITE VIRTUELLE - project-render\",\"isPartOf\":{\"@id\":\"https:\/\/project-render.fr\/#website\"},\"datePublished\":\"2021-03-13T10:56:12+00:00\",\"dateModified\":\"2021-04-27T09:49:28+00:00\",\"description\":\"Vous recherchez \u00e0 r\u00e9aliser des visuelles de type animation 3d, visite virtuelle, PROJECT-RENDER les r\u00e9alise pour vous.\",\"breadcrumb\":{\"@id\":\"https:\/\/project-render.fr\/?page_id=669#breadcrumb\"},\"inLanguage\":\"fr-FR\",\"potentialAction\":[{\"@type\":\"ReadAction\",\"target\":[\"https:\/\/project-render.fr\/?page_id=669\"]}]},{\"@type\":\"BreadcrumbList\",\"@id\":\"https:\/\/project-render.fr\/?page_id=669#breadcrumb\",\"itemListElement\":[{\"@type\":\"ListItem\",\"position\":1,\"name\":\"Accueil\",\"item\":\"https:\/\/project-render.fr\/\"},{\"@type\":\"ListItem\",\"position\":2,\"name\":\"VISITE VIRTUELLE\"}]},{\"@type\":\"WebSite\",\"@id\":\"https:\/\/project-render.fr\/#website\",\"url\":\"https:\/\/project-render.fr\/\",\"name\":\"project-render\",\"description\":\"DESSINATEUR PROJETEUR  en rendu 3D architecturale &amp; design\",\"publisher\":{\"@id\":\"https:\/\/project-render.fr\/#organization\"},\"potentialAction\":[{\"@type\":\"SearchAction\",\"target\":{\"@type\":\"EntryPoint\",\"urlTemplate\":\"https:\/\/project-render.fr\/?s={search_term_string}\"},\"query-input\":\"required name=search_term_string\"}],\"inLanguage\":\"fr-FR\"},{\"@type\":\"Organization\",\"@id\":\"https:\/\/project-render.fr\/#organization\",\"name\":\"project-render\",\"url\":\"https:\/\/project-render.fr\/\",\"logo\":{\"@type\":\"ImageObject\",\"inLanguage\":\"fr-FR\",\"@id\":\"https:\/\/project-render.fr\/#\/schema\/logo\/image\/\",\"url\":\"https:\/\/project-render.fr\/wp-content\/uploads\/2022\/05\/LOGO.png\",\"contentUrl\":\"https:\/\/project-render.fr\/wp-content\/uploads\/2022\/05\/LOGO.png\",\"width\":512,\"height\":512,\"caption\":\"project-render\"},\"image\":{\"@id\":\"https:\/\/project-render.fr\/#\/schema\/logo\/image\/\"}}]}<\/script>\n<!-- \/ Yoast SEO plugin. -->","yoast_head_json":{"title":"VISITE VIRTUELLE - project-render","description":"Vous recherchez \u00e0 r\u00e9aliser des visuelles de type animation 3d, visite virtuelle, PROJECT-RENDER les r\u00e9alise pour vous.","robots":{"index":"index","follow":"follow","max-snippet":"max-snippet:-1","max-image-preview":"max-image-preview:large","max-video-preview":"max-video-preview:-1"},"canonical":"https:\/\/project-render.fr\/?page_id=669","og_locale":"fr_FR","og_type":"article","og_title":"VISITE VIRTUELLE - project-render","og_description":"Vous recherchez \u00e0 r\u00e9aliser des visuelles de type animation 3d, visite virtuelle, PROJECT-RENDER les r\u00e9alise pour vous.","og_url":"https:\/\/project-render.fr\/?page_id=669","og_site_name":"project-render","article_modified_time":"2021-04-27T09:49:28+00:00","twitter_card":"summary_large_image","twitter_misc":{"Dur\u00e9e de lecture estim\u00e9e":"1 minute"},"schema":{"@context":"https:\/\/schema.org","@graph":[{"@type":"WebPage","@id":"https:\/\/project-render.fr\/?page_id=669","url":"https:\/\/project-render.fr\/?page_id=669","name":"VISITE VIRTUELLE - project-render","isPartOf":{"@id":"https:\/\/project-render.fr\/#website"},"datePublished":"2021-03-13T10:56:12+00:00","dateModified":"2021-04-27T09:49:28+00:00","description":"Vous recherchez \u00e0 r\u00e9aliser des visuelles de type animation 3d, visite virtuelle, PROJECT-RENDER les r\u00e9alise pour vous.","breadcrumb":{"@id":"https:\/\/project-render.fr\/?page_id=669#breadcrumb"},"inLanguage":"fr-FR","potentialAction":[{"@type":"ReadAction","target":["https:\/\/project-render.fr\/?page_id=669"]}]},{"@type":"BreadcrumbList","@id":"https:\/\/project-render.fr\/?page_id=669#breadcrumb","itemListElement":[{"@type":"ListItem","position":1,"name":"Accueil","item":"https:\/\/project-render.fr\/"},{"@type":"ListItem","position":2,"name":"VISITE VIRTUELLE"}]},{"@type":"WebSite","@id":"https:\/\/project-render.fr\/#website","url":"https:\/\/project-render.fr\/","name":"project-render","description":"DESSINATEUR PROJETEUR  en rendu 3D architecturale &amp; design","publisher":{"@id":"https:\/\/project-render.fr\/#organization"},"potentialAction":[{"@type":"SearchAction","target":{"@type":"EntryPoint","urlTemplate":"https:\/\/project-render.fr\/?s={search_term_string}"},"query-input":"required name=search_term_string"}],"inLanguage":"fr-FR"},{"@type":"Organization","@id":"https:\/\/project-render.fr\/#organization","name":"project-render","url":"https:\/\/project-render.fr\/","logo":{"@type":"ImageObject","inLanguage":"fr-FR","@id":"https:\/\/project-render.fr\/#\/schema\/logo\/image\/","url":"https:\/\/project-render.fr\/wp-content\/uploads\/2022\/05\/LOGO.png","contentUrl":"https:\/\/project-render.fr\/wp-content\/uploads\/2022\/05\/LOGO.png","width":512,"height":512,"caption":"project-render"},"image":{"@id":"https:\/\/project-render.fr\/#\/schema\/logo\/image\/"}}]}},"_links":{"self":[{"href":"https:\/\/project-render.fr\/index.php?rest_route=\/wp\/v2\/pages\/669","targetHints":{"allow":["GET"]}}],"collection":[{"href":"https:\/\/project-render.fr\/index.php?rest_route=\/wp\/v2\/pages"}],"about":[{"href":"https:\/\/project-render.fr\/index.php?rest_route=\/wp\/v2\/types\/page"}],"author":[{"embeddable":true,"href":"https:\/\/project-render.fr\/index.php?rest_route=\/wp\/v2\/users\/1"}],"replies":[{"embeddable":true,"href":"https:\/\/project-render.fr\/index.php?rest_route=%2Fwp%2Fv2%2Fcomments&post=669"}],"version-history":[{"count":23,"href":"https:\/\/project-render.fr\/index.php?rest_route=\/wp\/v2\/pages\/669\/revisions"}],"predecessor-version":[{"id":949,"href":"https:\/\/project-render.fr\/index.php?rest_route=\/wp\/v2\/pages\/669\/revisions\/949"}],"wp:attachment":[{"href":"https:\/\/project-render.fr\/index.php?rest_route=%2Fwp%2Fv2%2Fmedia&parent=669"}],"curies":[{"name":"wp","href":"https:\/\/api.w.org\/{rel}","templated":true}]}}