{"id":541,"date":"2020-11-04T11:37:29","date_gmt":"2020-11-04T10:37:29","guid":{"rendered":"https:\/\/project-render.fr\/?page_id=541"},"modified":"2021-08-31T12:02:00","modified_gmt":"2021-08-31T10:02:00","slug":"mention-legale","status":"publish","type":"page","link":"https:\/\/project-render.fr\/?page_id=541","title":{"rendered":"Mention l\u00e9gale"},"content":{"rendered":"<p><span style=\"font-size: large;\"><b><span style=\"font-family: Raleway;\">Editeur du Site :<\/span><\/b><\/span><\/p>\n<p><span style=\"font-family: Raleway;\"><span style=\"font-size: large;\">PROJECT-RENDER<\/span><\/span><span style=\"font-family: Raleway;\"><span style=\"font-size: large;\"><br \/>\n<\/span><\/span><span style=\"font-family: Raleway;\"><span style=\"font-size: large;\">L\u2019entreprise PROJECT-RENDER, est r\u00e9gie par les dispositions du contrat d\u2019appui au projet d\u2019entreprise \u2013 loi n\u00b02003-721 du 1<\/span><\/span><sup><span style=\"font-family: Raleway;\"><span style=\"font-size: large;\">er<\/span><\/span><\/sup><span style=\"font-family: Raleway;\"><span style=\"font-size: large;\"> ao\u00fbt 2003 \u2013 dont C2ER assure la gestion du 01\/09\/2020 au 31\/08\/2021.<\/span><\/span><\/p>\n<p><span style=\"font-family: Raleway;\"><span style=\"font-size: large;\">L&rsquo;entreprise PROJECT-RENDER, est une entreprise individuel, sous le r\u00e9gime de la micro-entreprise, sous le num\u00e9ro SIRET : 90212333000018, avec le code APE 71.12B, depuis le 01\/09\/2021.<\/span><\/span><\/p>\n<p><span style=\"font-family: Raleway;\"><span style=\"font-size: large;\">Responsable <\/span><\/span><span style=\"font-family: Raleway;\"><span style=\"font-size: large;\">project-render<\/span><\/span><span style=\"font-family: Raleway;\"><span style=\"font-size: large;\"> : <\/span><\/span><span style=\"font-family: Raleway;\"><span style=\"font-size: large;\">Beno\u00eet DUFOUR<\/span><\/span><span style=\"font-family: Raleway;\"><span style=\"font-size: large;\"><br \/>\n<\/span><\/span><span style=\"font-family: Raleway;\"><span style=\"font-size: large;\">25 rue louise drez \u2013 80800 AUBIGNY<\/span><\/span><span style=\"font-family: Raleway;\"><span style=\"font-size: large;\"><br \/>\nT\u00e9l\u00e9phone : <\/span><\/span><span style=\"font-family: Raleway;\"><span style=\"font-size: large;\">06.15.39.78.27<\/span><\/span><span style=\"font-family: Raleway;\"><span style=\"font-size: large;\"><br \/>\nEmail : <\/span><\/span><span style=\"font-family: Raleway;\"><span style=\"font-size: large;\"><a href=\"mailto:bdufour@project-render\">bdufour@project-render<\/a>,fr et\/ou <a href=\"mailto:project.render.bd@gmail.com\">project.render.bd@gmail.com<\/a> <\/span><\/span><\/p>\n<p><span style=\"font-family: Raleway;\"><span style=\"font-size: large;\">Site Web :\u00a0<\/span><\/span><a href=\"https:\/\/project-render.fr\/\" target=\"_blank\" rel=\"noopener noreferrer\"><span style=\"color: #5587a2;\"><span style=\"font-family: Raleway;\"><span style=\"font-size: large;\">www.<\/span><\/span><\/span><span style=\"color: #5587a2;\"><span style=\"font-family: Raleway;\"><span style=\"font-size: large;\">project-render.fr<\/span><\/span><\/span><\/a><\/p>\n<p><span style=\"font-size: large;\"><b><span style=\"font-family: Raleway;\">H\u00e9bergement :<\/span><\/b><\/span><\/p>\n<p><span style=\"font-family: Raleway;\"><span style=\"font-size: large;\">H\u00e9bergeur :\u00a0OVH<br \/>\n2 rue Kellermann\u00a0\u2013 59100\u00a0Roubaix<br \/>\nSite Web :\u00a0<\/span><\/span><span style=\"color: #5587a2;\"><span style=\"font-family: Raleway;\"><span style=\"font-size: large;\"><a href=\"http:\/\/https\/\/www.ovh.com\">https:\/\/www.ovh.com<\/a><\/span><\/span><\/span><\/p>\n<p><span style=\"font-size: large;\"><b><span style=\"font-family: Raleway;\">Conditions d\u2019utilisation :<\/span><\/b><\/span><\/p>\n<p><span style=\"font-family: Raleway;\"><span style=\"font-size: large;\"><b>Cookies<\/b><\/span><\/span><span style=\"font-family: Raleway;\"><span style=\"font-size: large;\">\u00a0: Le site <\/span><\/span><span style=\"color: #5587a2;\"><span style=\"font-family: Raleway;\"><span style=\"font-size: large;\">www.<\/span><\/span><\/span><span style=\"color: #5587a2;\"><span style=\"font-family: Raleway;\"><span style=\"font-size: large;\">project-render.fr<\/span><\/span><\/span> <span style=\"font-family: Raleway;\"><span style=\"font-size: large;\">peut-\u00eatre amen\u00e9 \u00e0 vous demander l\u2019acceptation des cookies pour des besoins de statistiques et d\u2019affichage. Un cookies est une information d\u00e9pos\u00e9e sur votre disque dur par le serveur du site que vous visitez. Il contient plusieurs donn\u00e9es qui sont stock\u00e9es sur votre ordinateur dans un simple fichier texte auquel un serveur acc\u00e8de pour lire et enregistrer des informations . Certaines parties de ce site ne peuvent \u00eatre fonctionnelle sans l\u2019acceptation de cookies.<\/span><\/span><\/p>\n<p><span style=\"font-family: Raleway;\"><span style=\"font-size: large;\"><b>Liens hypertextes :<\/b><\/span><\/span><span style=\"font-family: Raleway;\"><span style=\"font-size: large;\">\u00a0Les sites internet peuvent offrir des liens vers d\u2019autres sites internet ou d\u2019autres ressources disponibles sur Internet. <\/span><\/span><\/p>\n<p><span style=\"font-family: Raleway;\"><span style=\"font-size: large;\">PROJECT-RENDER<\/span><\/span><span style=\"font-family: Raleway;\"><span style=\"font-size: large;\"> ne dispose d\u2019aucun moyen pour contr\u00f4ler les sites en connexion avec ses sites internet. ne r\u00e9pond pas de la disponibilit\u00e9 de tels sites et sources externes, ni ne la garantit. Il ne peut \u00eatre tenue pour responsable de tout dommage, de quelque nature que ce soit, r\u00e9sultant du contenu de ces sites ou sources externes, et notamment des informations, produits ou services qu\u2019ils proposent, ou de tout usage qui peut \u00eatre fait de ces \u00e9l\u00e9ments. Les risques li\u00e9s \u00e0 cette utilisation incombent pleinement \u00e0 l\u2019internaute, qui doit se conformer \u00e0 leurs conditions d\u2019utilisation.<\/span><\/span><\/p>\n<p>&nbsp;<\/p>\n<p><span style=\"font-size: large;\"><b><span style=\"font-family: Raleway;\">Services fournis :<\/span><\/b><\/span><\/p>\n<p><span style=\"font-family: Raleway;\"><span style=\"font-size: large;\">L\u2019ensemble des activit\u00e9s de la soci\u00e9t\u00e9 ainsi que ses informations sont pr\u00e9sent\u00e9s sur notre site\u00a0<\/span><\/span><span style=\"color: #5587a2;\"><span style=\"font-family: Raleway;\"><span style=\"font-size: large;\">www.<\/span><\/span><\/span><span style=\"color: #5587a2;\"><span style=\"font-family: Raleway;\"><span style=\"font-size: large;\">project-render.fr<\/span><\/span><\/span><span style=\"font-family: Raleway;\"><span style=\"font-size: large;\">.<\/span><\/span><\/p>\n<p><span style=\"font-family: Raleway;\"><span style=\"font-size: large;\">PROJECT-RENDER<\/span><\/span><span style=\"font-family: Raleway;\"><span style=\"font-size: large;\"> s\u2019efforce de fournir sur le site\u00a0<\/span><\/span><span style=\"color: #5587a2;\"><span style=\"font-family: Raleway;\"><span style=\"font-size: large;\">www.<\/span><\/span><\/span><span style=\"color: #5587a2;\"><span style=\"font-family: Raleway;\"><span style=\"font-size: large;\"><span lang=\"zxx\">project-render.fr<\/span><\/span><\/span><\/span> <span style=\"font-family: Raleway;\"><span style=\"font-size: large;\">des informations aussi pr\u00e9cises que possible. les renseignements figurant sur le site\u00a0<\/span><\/span><span style=\"color: #5587a2;\"><span style=\"font-family: Raleway;\"><span style=\"font-size: large;\">www.<\/span><\/span><\/span><span style=\"color: #5587a2;\"><span style=\"font-family: Raleway;\"><span style=\"font-size: large;\">project-render.fr<\/span><\/span><\/span> <span style=\"font-family: Raleway;\"><span style=\"font-size: large;\">ne sont pas exhaustifs et les images non contractuelles. Ils sont donn\u00e9s sous r\u00e9serve de modifications ayant \u00e9t\u00e9 apport\u00e9es depuis leur mise en ligne. Par ailleurs, toutes les informations indiqu\u00e9es sur le site <\/span><\/span><span style=\"color: #5587a2;\"><span style=\"font-family: Raleway;\"><span style=\"font-size: large;\">www.<\/span><\/span><\/span><span style=\"color: #5587a2;\"><span style=\"font-family: Raleway;\"><span style=\"font-size: large;\">project-render.fr <\/span><\/span><\/span><span style=\"font-family: Raleway;\"><span style=\"font-size: large;\">sont donn\u00e9es \u00e0 titre indicatif, et sont susceptibles de changer ou d\u2019\u00e9voluer sans pr\u00e9avis.<\/span><\/span><\/p>\n<p><span style=\"font-size: large;\"><b><span style=\"font-family: Raleway;\">Limitation contractuelles sur les donn\u00e9es :<\/span><\/b><\/span><\/p>\n<p><span style=\"font-family: Raleway;\"><span style=\"font-size: large;\">Les informations contenues sur ce site sont aussi pr\u00e9cises que possibles et le site remis \u00e0 jour \u00e0 diff\u00e9rentes p\u00e9riodes de l\u2019ann\u00e9e, mais peut toutefois contenir des inexactitudes ou des omissions. Si vous constatez une lacune, erreur ou ce qui parait \u00eatre un dysfonctionnement, merci de bien vouloir le signaler par email, \u00e0 l\u2019adresse\u00a0<\/span><\/span><span style=\"font-family: Raleway;\"><span style=\"font-size: large;\">bdufour@project-render.fr,<\/span><\/span><span style=\"font-family: Raleway;\"><span style=\"font-size: large;\"> en d\u00e9crivant le probl\u00e8me de la mani\u00e8re la plus pr\u00e9cise possible (page posant probl\u00e8me, type d\u2019ordinateur et de navigateur utilis\u00e9, \u2026).<\/span><\/span><\/p>\n<p><span style=\"font-family: Raleway;\"><span style=\"font-size: large;\">Tout contenu t\u00e9l\u00e9charg\u00e9 se fait aux risques et p\u00e9rils de l\u2019utilisateur et sous sa seule responsabilit\u00e9. En cons\u00e9quence, ne saurait \u00eatre tenu responsable d\u2019un quelconque dommage subi par l\u2019ordinateur de l\u2019utilisateur ou d\u2019une quelconque perte de donn\u00e9es cons\u00e9cutives au t\u00e9l\u00e9chargement. De plus, l\u2019utilisateur du site s\u2019engage \u00e0 acc\u00e9der au site en utilisant un mat\u00e9riel r\u00e9cent, ne contenant pas de virus et avec un navigateur de derni\u00e8re g\u00e9n\u00e9ration mis-\u00e0-jour.<\/span><\/span><\/p>\n<p><span style=\"font-family: Raleway;\"><span style=\"font-size: large;\">Les liens hypertextes mis en place dans le cadre du pr\u00e9sent site internet en direction d\u2019autres ressources pr\u00e9sentes sur le r\u00e9seau Internet ne sauraient engager la responsabilit\u00e9 PROJECT-RENDER.<\/span><\/span><\/p>\n<p><span style=\"font-size: large;\"><b><span style=\"font-family: Raleway;\">Propri\u00e9t\u00e9 intellectuelle :<\/span><\/b><\/span><\/p>\n<p><span style=\"font-family: Raleway;\"><span style=\"font-size: large;\">Tout le contenu du pr\u00e9sent sur le site\u00a0<\/span><\/span><span style=\"color: #5587a2;\"><span style=\"font-family: Raleway;\"><span style=\"font-size: large;\">www.<\/span><\/span><\/span><span style=\"color: #5587a2;\"><span style=\"font-family: Raleway;\"><span style=\"font-size: large;\">project-render.fr<\/span><\/span><\/span> <span style=\"font-family: Raleway;\"><span style=\"font-size: large;\">incluant, de fa\u00e7on non limitative, les graphismes, images, textes, vid\u00e9os, animations, sons, logos, gifs, png, &#8230;etc, ainsi que leur mise en forme sont la propri\u00e9t\u00e9 exclusive de la soci\u00e9t\u00e9 \u00e0 l\u2019exception des marques, logos ou contenus appartenant \u00e0 d\u2019autres soci\u00e9t\u00e9s partenaires ou auteurs.<\/span><\/span><\/p>\n<p><span style=\"font-family: Raleway;\"><span style=\"font-size: large;\">Toute reproduction, distribution, modification, adaptation, retransmission ou publication, m\u00eame partielle, de ces diff\u00e9rents \u00e9l\u00e9ments est strictement interdite sans l\u2019accord expr\u00e8s par \u00e9crit de PROJECT-RENDER. Cette repr\u00e9sentation ou reproduction, par quelque proc\u00e9d\u00e9 que ce soit, constitue une contrefa\u00e7on sanctionn\u00e9e par les articles L.335-2 et suivants du Code de la propri\u00e9t\u00e9 intellectuelle. Le non-respect de cette interdiction constitue une contrefa\u00e7on pouvant engager la responsabilit\u00e9 civile et p\u00e9nale du contrefacteur. En outre, les propri\u00e9taires des Contenus copi\u00e9s pourraient intenter une action en justice \u00e0 votre encontre.<\/span><\/span><\/p>\n<p><span style=\"font-size: large;\"><b><span style=\"font-family: Raleway;\">Donn\u00e9es personnelles :<\/span><\/b><\/span><\/p>\n<p><span style=\"font-family: Raleway;\"><span style=\"font-size: large;\">De mani\u00e8re g\u00e9n\u00e9rale, vous n\u2019\u00eates pas tenu de nous communiquer vos donn\u00e9es personnelles lorsque vous visitez notre site Internet\u00a0<\/span><\/span><span style=\"color: #5587a2;\"><span style=\"font-family: Raleway;\"><span style=\"font-size: large;\">www.<\/span><\/span><\/span><span style=\"color: #5587a2;\"><span style=\"font-family: Raleway;\"><span style=\"font-size: large;\">project-render.<\/span><\/span><\/span><span style=\"font-family: Raleway;\"><span style=\"font-size: large;\">.<\/span><\/span><\/p>\n<p><span style=\"font-family: Raleway;\"><span style=\"font-size: large;\">Cependant, ce principe comporte certaines exceptions. En effet, pour certains services propos\u00e9s par notre site, vous pouvez \u00eatre amen\u00e9s \u00e0 nous communiquer certaines donn\u00e9es telles que : votre nom, votre fonction, le nom de votre soci\u00e9t\u00e9, votre adresse \u00e9lectronique, et votre num\u00e9ro de t\u00e9l\u00e9phone. Tel est le cas lorsque vous remplissez le formulaire qui vous est propos\u00e9 en ligne, dans la rubrique \u00ab contact \u00bb. Dans tous les cas, vous pouvez refuser de fournir vos donn\u00e9es personnelles. Dans ce cas, vous ne pourrez pas utiliser les services du site, notamment celui de solliciter des renseignements sur notre soci\u00e9t\u00e9, ou de recevoir les lettres d\u2019information, offres, devis.<\/span><\/span><\/p>\n<p><span style=\"font-family: Raleway;\"><span style=\"font-size: large;\">Enfin, nous pouvons collecter de mani\u00e8re automatique certaines informations vous concernant lors d\u2019une simple navigation sur notre site Internet, notamment : des informations concernant l\u2019utilisation de notre site, comme les zones que vous visitez et les services auxquels vous acc\u00e9dez, le type de votre navigateur, vos temps d\u2019acc\u00e8s. De telles informations sont utilis\u00e9es exclusivement \u00e0 des fins de statistiques internes, de mani\u00e8re \u00e0 am\u00e9liorer la qualit\u00e9 du site et des services qui vous sont propos\u00e9s. Les bases de donn\u00e9es sont prot\u00e9g\u00e9es par les dispositions de la loi du 1er juillet 1998 transposant la directive 96\/9 du 11 mars 1996 relative \u00e0 la protection juridique des bases de donn\u00e9es.<\/span><\/span><\/p>\n","protected":false},"excerpt":{"rendered":"<p>Editeur du Site : PROJECT-RENDER L\u2019entreprise PROJECT-RENDER, est r\u00e9gie par les dispositions du contrat d\u2019appui au projet d\u2019entreprise \u2013 loi n\u00b02003-721 du 1er ao\u00fbt 2003 \u2013 dont C2ER assure la gestion du 01\/09\/2020 au 31\/08\/2021. L&rsquo;entreprise PROJECT-RENDER, est une entreprise individuel, sous le r\u00e9gime de la micro-entreprise, sous le num\u00e9ro&#8230; <a class=\"continue-reading-link\" href=\"https:\/\/project-render.fr\/?page_id=541\"> Continue reading <span class=\"meta-nav\">&rarr; <\/span><\/a><\/p>\n","protected":false},"author":1,"featured_media":0,"parent":0,"menu_order":0,"comment_status":"closed","ping_status":"closed","template":"","meta":{"footnotes":""},"class_list":["post-541","page","type-page","status-publish","hentry"],"yoast_head":"<!-- This site is optimized with the Yoast SEO plugin v23.2 - https:\/\/yoast.com\/wordpress\/plugins\/seo\/ -->\n<title>Mention l\u00e9gale - project-render<\/title>\n<meta name=\"description\" content=\"Mention l\u00e9gale : d\u00e9crie l&#039;\u00e9diteur du site, l&#039;hebergeur ainsi que les conditions d&#039;utilisations de type cookie, liens, service fournie, ...etc\" \/>\n<meta name=\"robots\" content=\"index, follow, max-snippet:-1, max-image-preview:large, max-video-preview:-1\" \/>\n<link rel=\"canonical\" href=\"https:\/\/project-render.fr\/?page_id=541\" \/>\n<meta property=\"og:locale\" content=\"fr_FR\" \/>\n<meta property=\"og:type\" content=\"article\" \/>\n<meta property=\"og:title\" content=\"Mention l\u00e9gale - project-render\" \/>\n<meta property=\"og:description\" content=\"Mention l\u00e9gale : d\u00e9crie l&#039;\u00e9diteur du site, l&#039;hebergeur ainsi que les conditions d&#039;utilisations de type cookie, liens, service fournie, ...etc\" \/>\n<meta property=\"og:url\" content=\"https:\/\/project-render.fr\/?page_id=541\" \/>\n<meta property=\"og:site_name\" content=\"project-render\" \/>\n<meta property=\"article:modified_time\" content=\"2021-08-31T10:02:00+00:00\" \/>\n<meta name=\"twitter:card\" content=\"summary_large_image\" \/>\n<meta name=\"twitter:label1\" content=\"Dur\u00e9e de lecture estim\u00e9e\" \/>\n\t<meta name=\"twitter:data1\" content=\"5 minutes\" \/>\n<script type=\"application\/ld+json\" class=\"yoast-schema-graph\">{\"@context\":\"https:\/\/schema.org\",\"@graph\":[{\"@type\":\"WebPage\",\"@id\":\"https:\/\/project-render.fr\/?page_id=541\",\"url\":\"https:\/\/project-render.fr\/?page_id=541\",\"name\":\"Mention l\u00e9gale - project-render\",\"isPartOf\":{\"@id\":\"https:\/\/project-render.fr\/#website\"},\"datePublished\":\"2020-11-04T10:37:29+00:00\",\"dateModified\":\"2021-08-31T10:02:00+00:00\",\"description\":\"Mention l\u00e9gale : d\u00e9crie l'\u00e9diteur du site, l'hebergeur ainsi que les conditions d'utilisations de type cookie, liens, service fournie, ...etc\",\"breadcrumb\":{\"@id\":\"https:\/\/project-render.fr\/?page_id=541#breadcrumb\"},\"inLanguage\":\"fr-FR\",\"potentialAction\":[{\"@type\":\"ReadAction\",\"target\":[\"https:\/\/project-render.fr\/?page_id=541\"]}]},{\"@type\":\"BreadcrumbList\",\"@id\":\"https:\/\/project-render.fr\/?page_id=541#breadcrumb\",\"itemListElement\":[{\"@type\":\"ListItem\",\"position\":1,\"name\":\"Accueil\",\"item\":\"https:\/\/project-render.fr\/\"},{\"@type\":\"ListItem\",\"position\":2,\"name\":\"Mention l\u00e9gale\"}]},{\"@type\":\"WebSite\",\"@id\":\"https:\/\/project-render.fr\/#website\",\"url\":\"https:\/\/project-render.fr\/\",\"name\":\"project-render\",\"description\":\"DESSINATEUR PROJETEUR  en rendu 3D architecturale &amp; design\",\"publisher\":{\"@id\":\"https:\/\/project-render.fr\/#organization\"},\"potentialAction\":[{\"@type\":\"SearchAction\",\"target\":{\"@type\":\"EntryPoint\",\"urlTemplate\":\"https:\/\/project-render.fr\/?s={search_term_string}\"},\"query-input\":\"required name=search_term_string\"}],\"inLanguage\":\"fr-FR\"},{\"@type\":\"Organization\",\"@id\":\"https:\/\/project-render.fr\/#organization\",\"name\":\"project-render\",\"url\":\"https:\/\/project-render.fr\/\",\"logo\":{\"@type\":\"ImageObject\",\"inLanguage\":\"fr-FR\",\"@id\":\"https:\/\/project-render.fr\/#\/schema\/logo\/image\/\",\"url\":\"https:\/\/project-render.fr\/wp-content\/uploads\/2022\/05\/LOGO.png\",\"contentUrl\":\"https:\/\/project-render.fr\/wp-content\/uploads\/2022\/05\/LOGO.png\",\"width\":512,\"height\":512,\"caption\":\"project-render\"},\"image\":{\"@id\":\"https:\/\/project-render.fr\/#\/schema\/logo\/image\/\"}}]}<\/script>\n<!-- \/ Yoast SEO plugin. -->","yoast_head_json":{"title":"Mention l\u00e9gale - project-render","description":"Mention l\u00e9gale : d\u00e9crie l'\u00e9diteur du site, l'hebergeur ainsi que les conditions d'utilisations de type cookie, liens, service fournie, ...etc","robots":{"index":"index","follow":"follow","max-snippet":"max-snippet:-1","max-image-preview":"max-image-preview:large","max-video-preview":"max-video-preview:-1"},"canonical":"https:\/\/project-render.fr\/?page_id=541","og_locale":"fr_FR","og_type":"article","og_title":"Mention l\u00e9gale - project-render","og_description":"Mention l\u00e9gale : d\u00e9crie l'\u00e9diteur du site, l'hebergeur ainsi que les conditions d'utilisations de type cookie, liens, service fournie, ...etc","og_url":"https:\/\/project-render.fr\/?page_id=541","og_site_name":"project-render","article_modified_time":"2021-08-31T10:02:00+00:00","twitter_card":"summary_large_image","twitter_misc":{"Dur\u00e9e de lecture estim\u00e9e":"5 minutes"},"schema":{"@context":"https:\/\/schema.org","@graph":[{"@type":"WebPage","@id":"https:\/\/project-render.fr\/?page_id=541","url":"https:\/\/project-render.fr\/?page_id=541","name":"Mention l\u00e9gale - project-render","isPartOf":{"@id":"https:\/\/project-render.fr\/#website"},"datePublished":"2020-11-04T10:37:29+00:00","dateModified":"2021-08-31T10:02:00+00:00","description":"Mention l\u00e9gale : d\u00e9crie l'\u00e9diteur du site, l'hebergeur ainsi que les conditions d'utilisations de type cookie, liens, service fournie, ...etc","breadcrumb":{"@id":"https:\/\/project-render.fr\/?page_id=541#breadcrumb"},"inLanguage":"fr-FR","potentialAction":[{"@type":"ReadAction","target":["https:\/\/project-render.fr\/?page_id=541"]}]},{"@type":"BreadcrumbList","@id":"https:\/\/project-render.fr\/?page_id=541#breadcrumb","itemListElement":[{"@type":"ListItem","position":1,"name":"Accueil","item":"https:\/\/project-render.fr\/"},{"@type":"ListItem","position":2,"name":"Mention l\u00e9gale"}]},{"@type":"WebSite","@id":"https:\/\/project-render.fr\/#website","url":"https:\/\/project-render.fr\/","name":"project-render","description":"DESSINATEUR PROJETEUR  en rendu 3D architecturale &amp; design","publisher":{"@id":"https:\/\/project-render.fr\/#organization"},"potentialAction":[{"@type":"SearchAction","target":{"@type":"EntryPoint","urlTemplate":"https:\/\/project-render.fr\/?s={search_term_string}"},"query-input":"required name=search_term_string"}],"inLanguage":"fr-FR"},{"@type":"Organization","@id":"https:\/\/project-render.fr\/#organization","name":"project-render","url":"https:\/\/project-render.fr\/","logo":{"@type":"ImageObject","inLanguage":"fr-FR","@id":"https:\/\/project-render.fr\/#\/schema\/logo\/image\/","url":"https:\/\/project-render.fr\/wp-content\/uploads\/2022\/05\/LOGO.png","contentUrl":"https:\/\/project-render.fr\/wp-content\/uploads\/2022\/05\/LOGO.png","width":512,"height":512,"caption":"project-render"},"image":{"@id":"https:\/\/project-render.fr\/#\/schema\/logo\/image\/"}}]}},"_links":{"self":[{"href":"https:\/\/project-render.fr\/index.php?rest_route=\/wp\/v2\/pages\/541","targetHints":{"allow":["GET"]}}],"collection":[{"href":"https:\/\/project-render.fr\/index.php?rest_route=\/wp\/v2\/pages"}],"about":[{"href":"https:\/\/project-render.fr\/index.php?rest_route=\/wp\/v2\/types\/page"}],"author":[{"embeddable":true,"href":"https:\/\/project-render.fr\/index.php?rest_route=\/wp\/v2\/users\/1"}],"replies":[{"embeddable":true,"href":"https:\/\/project-render.fr\/index.php?rest_route=%2Fwp%2Fv2%2Fcomments&post=541"}],"version-history":[{"count":5,"href":"https:\/\/project-render.fr\/index.php?rest_route=\/wp\/v2\/pages\/541\/revisions"}],"predecessor-version":[{"id":1030,"href":"https:\/\/project-render.fr\/index.php?rest_route=\/wp\/v2\/pages\/541\/revisions\/1030"}],"wp:attachment":[{"href":"https:\/\/project-render.fr\/index.php?rest_route=%2Fwp%2Fv2%2Fmedia&parent=541"}],"curies":[{"name":"wp","href":"https:\/\/api.w.org\/{rel}","templated":true}]}}