{"id":539,"date":"2020-11-04T11:28:45","date_gmt":"2020-11-04T10:28:45","guid":{"rendered":"https:\/\/project-render.fr\/?page_id=539"},"modified":"2020-11-04T11:28:45","modified_gmt":"2020-11-04T10:28:45","slug":"politique-de-confidentialite","status":"publish","type":"page","link":"https:\/\/project-render.fr\/?page_id=539","title":{"rendered":"Politique de confidentialit\u00e9"},"content":{"rendered":"<p style=\"text-align: center;\"><span style=\"color: #444444;\"><span style=\"font-family: Raleway;\"><span style=\"font-size: 300%;\"><b>Politique de confidentialit\u00e9.<\/b><\/span><\/span><\/span><\/p>\n<p>Devant le d\u00e9veloppement des nouveaux outils de communication, il est n\u00e9cessaire de porter une attention particuli\u00e8re \u00e0 la protection de la vie priv\u00e9e. C\u2019est pourquoi, nous nous engageons \u00e0 respecter la confidentialit\u00e9 des renseignements personnels que nous collectons.<\/p>\n<p style=\"text-align: center;\"><span style=\"font-family: Raleway;\"><span style=\"font-size: large;\"><u><b><strong>Ainsi, nous nous engageons \u00e0 ne jamais communiquer ni revendre vos donn\u00e9es \u00e0 des tiers.<\/strong><\/b><\/u><\/span><\/span><\/p>\n<h2 class=\"western\"><span style=\"color: #444444;\"><span style=\"font-family: Raleway;\"><span style=\"font-size: xx-large;\"><b>Collecte des renseignements personnels<\/b><\/span><\/span><\/span><\/h2>\n<p><span style=\"font-family: Raleway;\"><span style=\"font-size: large;\">Nous collectons les renseignements suivants :<\/span><\/span><\/p>\n<ul>\n<li>\n<p><span style=\"color: #676767;\"><span style=\"font-family: Raleway;\"><span style=\"font-size: large;\">Nom<\/span><\/span><\/span><\/p>\n<\/li>\n<li>\n<p><span style=\"color: #676767;\"><span style=\"font-family: Raleway;\"><span style=\"font-size: large;\">Pr\u00e9nom<\/span><\/span><\/span><\/p>\n<\/li>\n<li>\n<p><span style=\"color: #676767;\"><span style=\"font-family: Raleway;\"><span style=\"font-size: large;\">Nom d\u2019entreprise<\/span><\/span><\/span><\/p>\n<\/li>\n<li>\n<p><span style=\"color: #676767;\"><span style=\"font-family: Raleway;\"><span style=\"font-size: large;\">Adresse \u00e9lectronique<\/span><\/span><\/span><\/p>\n<\/li>\n<li>\n<p><span style=\"color: #676767;\"><span style=\"font-family: Raleway;\"><span style=\"font-size: large;\">Num\u00e9ro de t\u00e9l\u00e9phone <\/span><\/span><\/span><\/p>\n<\/li>\n<\/ul>\n<p><span style=\"font-family: Raleway;\"><span style=\"font-size: large;\">Les renseignements personnels que nous collectons sont recueillis au travers de formulaires <\/span><\/span><span style=\"font-family: Raleway;\"><span style=\"font-size: large;\">via<\/span><\/span><span style=\"font-family: Raleway;\"><span style=\"font-size: large;\"> notre site Web. <\/span><\/span><\/p>\n<p><span style=\"font-family: Raleway;\"><span style=\"font-size: large;\">Nous utilisons \u00e9galement, comme indiqu\u00e9 dans la section suivante, des fichiers t\u00e9moins et\/ou journaux pour r\u00e9unir des informations vous concernant.<\/span><\/span><\/p>\n<h2 class=\"western\"><span style=\"color: #444444;\"><span style=\"font-family: Raleway;\"><span style=\"font-size: xx-large;\"><b>Formulaires et interactivit\u00e9:<\/b><\/span><\/span><\/span><\/h2>\n<p><span style=\"font-family: Raleway;\"><span style=\"font-size: large;\">Vos renseignements personnels sont collect\u00e9s par le biais de formulaire, \u00e0 savoir :<\/span><\/span><\/p>\n<ul>\n<li>\n<p><span style=\"color: #676767;\"><span style=\"font-family: Raleway;\"><span style=\"font-size: large;\">Formulaire de contact<\/span><\/span><\/span><\/p>\n<\/li>\n<\/ul>\n<p><span style=\"font-family: Raleway;\"><span style=\"font-size: large;\">Nous utilisons les renseignements ainsi collect\u00e9s pour les finalit\u00e9s suivantes :<\/span><\/span><\/p>\n<ul>\n<li>\n<p><span style=\"color: #676767;\"><span style=\"font-family: Raleway;\"><span style=\"font-size: large;\">Statistiques<\/span><\/span><\/span><\/p>\n<\/li>\n<li>\n<p><span style=\"color: #676767;\"><span style=\"font-family: Raleway;\"><span style=\"font-size: large;\">Contact<\/span><\/span><\/span><\/p>\n<\/li>\n<\/ul>\n<p><span style=\"font-family: Raleway;\"><span style=\"font-size: large;\">Vos renseignements sont \u00e9galement collect\u00e9s par le biais de l\u2019interactivit\u00e9 pouvant s\u2019\u00e9tablir entre vous et notre site Web et ce, via notre formulaire de contact.<\/span><\/span><\/p>\n<p><span style=\"font-family: Raleway;\"><span style=\"font-size: large;\">Nous utilisons les renseignements ainsi collect\u00e9s pour vous contacter, vous pr\u00e9senter des offres, des devis.<\/span><\/span><\/p>\n<h2 class=\"western\"><span style=\"color: #444444;\"><span style=\"font-family: Raleway;\"><span style=\"font-size: xx-large;\"><b>Droit d\u2019opposition et de retrait<\/b><\/span><\/span><\/span><\/h2>\n<p><span style=\"font-family: Raleway; font-size: large;\">Nous nous engageons \u00e0 vous offrir un droit d\u2019opposition et de retrait quant \u00e0 vos renseignements personnels.<\/span><br \/><span style=\"font-family: Raleway; font-size: large;\">Le droit d\u2019opposition s\u2019entend comme \u00e9tant la possibilit\u00e9 offerte aux internautes de refuser que leurs renseignements personnels soient utilis\u00e9es \u00e0 certaines fins mentionn\u00e9es lors de la collecte.<\/span><\/p>\n<p><span style=\"font-family: Raleway; font-size: large;\">Le droit de retrait s\u2019entend comme \u00e9tant la possibilit\u00e9 offerte aux internautes de demander \u00e0 ce que leurs renseignements personnels ne figurent plus, par exemple, dans une liste de diffusion.<\/span><\/p>\n<p><span style=\"font-family: Raleway;\"><span style=\"font-size: large;\">Pour pouvoir exercer ces droits, vous pouvez nous contacter par courriel : <\/span><\/span><span style=\"font-family: Raleway;\"><span style=\"font-size: large;\"><a href=\"mailto:bdufour@project-render.fr\">bdufour@project-render.fr<\/a> ou par t\u00e9l\u00e9phone : 06.15.39.78.27.<\/span><\/span><\/p>\n<h2 class=\"western\"><span style=\"color: #444444;\"><span style=\"font-family: Raleway;\"><span style=\"font-size: xx-large;\"><b>Droit d\u2019acc\u00e8s<\/b><\/span><\/span><\/span><\/h2>\n<p><span style=\"font-family: Raleway;\"><span style=\"font-size: large;\">Nous nous engageons \u00e0 reconna\u00eetre un droit d\u2019acc\u00e8s et de rectification aux personnes concern\u00e9es d\u00e9sireuses de consulter, modifier, voire radier les informations les concernant.<br \/>L\u2019exercice de ce droit se fera, au choix, par :<\/span><\/span><\/p>\n<ul>\n<li>\n<p><span style=\"color: #676767;\"><span style=\"font-family: Raleway;\"><span style=\"font-size: large;\">Courriel : <a href=\"mailto:bdufour@project-render.fr\">bdufour@project-render.fr<\/a> <\/span><\/span><\/span><\/p>\n<\/li>\n<li>\n<p><span style=\"color: #676767;\"><span style=\"font-family: Raleway;\"><span style=\"font-size: large;\">T\u00e9l\u00e9phone : 06.15.39.78.27 <\/span><\/span><\/span><\/p>\n<\/li>\n<\/ul>\n<h2 class=\"western\"><span style=\"color: #444444;\"><span style=\"font-family: Raleway;\"><span style=\"font-size: xx-large;\"><b>S\u00e9curit\u00e9<\/b><\/span><\/span><\/span><\/h2>\n<p><span style=\"font-family: Raleway;\"><span style=\"font-size: large;\">Les renseignements personnels que nous collectons sont conserv\u00e9s dans un environnement s\u00e9curis\u00e9. Les personnes travaillant pour nous sont tenues de respecter la confidentialit\u00e9 de vos informations.<br \/>Pour assurer la s\u00e9curit\u00e9 de vos renseignements personnels, nous avons recours aux mesures suivantes :<\/span><\/span><\/p>\n<ul>\n<li>\n<p><span style=\"color: #676767;\"><span style=\"font-family: Raleway;\"><span style=\"font-size: large;\">Protocole SSL (Secure Sockets Layer)<\/span><\/span><\/span><\/p>\n<\/li>\n<li>\n<p><span style=\"color: #676767;\"><span style=\"font-family: Raleway;\"><span style=\"font-size: large;\">D\u00e9veloppement de certificat num\u00e9rique<\/span><\/span><\/span><\/p>\n<\/li>\n<li>\n<p><span style=\"color: #676767;\"><span style=\"font-family: Raleway;\"><span style=\"font-size: large;\">Pare-feu (Firewalls)<\/span><\/span><\/span><\/p>\n<\/li>\n<\/ul>\n<p><span style=\"font-family: Raleway;\"><span style=\"font-size: large;\">Toutefois, comme aucun m\u00e9canisme n\u2019offre une s\u00e9curit\u00e9 maximale, une part de risque est toujours pr\u00e9sente lorsque l\u2019on utilise Internet pour transmettre des renseignements personnels.<\/span><\/span><\/p>\n","protected":false},"excerpt":{"rendered":"<p>Politique de confidentialit\u00e9. Devant le d\u00e9veloppement des nouveaux outils de communication, il est n\u00e9cessaire de porter une attention particuli\u00e8re \u00e0 la protection de la vie priv\u00e9e. C\u2019est pourquoi, nous nous engageons \u00e0 respecter la confidentialit\u00e9 des renseignements personnels que nous collectons. Ainsi, nous nous engageons \u00e0 ne jamais communiquer ni&#8230; <a class=\"continue-reading-link\" href=\"https:\/\/project-render.fr\/?page_id=539\"> Continue reading <span class=\"meta-nav\">&rarr; <\/span><\/a><\/p>\n","protected":false},"author":1,"featured_media":0,"parent":0,"menu_order":0,"comment_status":"closed","ping_status":"closed","template":"","meta":{"footnotes":""},"class_list":["post-539","page","type-page","status-publish","hentry"],"yoast_head":"<!-- This site is optimized with the Yoast SEO plugin v23.2 - https:\/\/yoast.com\/wordpress\/plugins\/seo\/ -->\n<title>Politique de confidentialit\u00e9 - project-render<\/title>\n<meta name=\"description\" content=\"Politique de confidentialit\u00e9 : nous nous engageons \u00e0 ne jamais communiquer ni revendre vos donn\u00e9es \u00e0 des tiers.\" \/>\n<meta name=\"robots\" content=\"index, follow, max-snippet:-1, max-image-preview:large, max-video-preview:-1\" \/>\n<link rel=\"canonical\" href=\"https:\/\/project-render.fr\/?page_id=539\" \/>\n<meta property=\"og:locale\" content=\"fr_FR\" \/>\n<meta property=\"og:type\" content=\"article\" \/>\n<meta property=\"og:title\" content=\"Politique de confidentialit\u00e9 - project-render\" \/>\n<meta property=\"og:description\" content=\"Politique de confidentialit\u00e9 : nous nous engageons \u00e0 ne jamais communiquer ni revendre vos donn\u00e9es \u00e0 des tiers.\" \/>\n<meta property=\"og:url\" content=\"https:\/\/project-render.fr\/?page_id=539\" \/>\n<meta property=\"og:site_name\" content=\"project-render\" \/>\n<meta name=\"twitter:card\" content=\"summary_large_image\" \/>\n<meta name=\"twitter:label1\" content=\"Dur\u00e9e de lecture estim\u00e9e\" \/>\n\t<meta name=\"twitter:data1\" content=\"2 minutes\" \/>\n<script type=\"application\/ld+json\" class=\"yoast-schema-graph\">{\"@context\":\"https:\/\/schema.org\",\"@graph\":[{\"@type\":\"WebPage\",\"@id\":\"https:\/\/project-render.fr\/?page_id=539\",\"url\":\"https:\/\/project-render.fr\/?page_id=539\",\"name\":\"Politique de confidentialit\u00e9 - project-render\",\"isPartOf\":{\"@id\":\"https:\/\/project-render.fr\/#website\"},\"datePublished\":\"2020-11-04T10:28:45+00:00\",\"dateModified\":\"2020-11-04T10:28:45+00:00\",\"description\":\"Politique de confidentialit\u00e9 : nous nous engageons \u00e0 ne jamais communiquer ni revendre vos donn\u00e9es \u00e0 des tiers.\",\"breadcrumb\":{\"@id\":\"https:\/\/project-render.fr\/?page_id=539#breadcrumb\"},\"inLanguage\":\"fr-FR\",\"potentialAction\":[{\"@type\":\"ReadAction\",\"target\":[\"https:\/\/project-render.fr\/?page_id=539\"]}]},{\"@type\":\"BreadcrumbList\",\"@id\":\"https:\/\/project-render.fr\/?page_id=539#breadcrumb\",\"itemListElement\":[{\"@type\":\"ListItem\",\"position\":1,\"name\":\"Accueil\",\"item\":\"https:\/\/project-render.fr\/\"},{\"@type\":\"ListItem\",\"position\":2,\"name\":\"Politique de confidentialit\u00e9\"}]},{\"@type\":\"WebSite\",\"@id\":\"https:\/\/project-render.fr\/#website\",\"url\":\"https:\/\/project-render.fr\/\",\"name\":\"project-render\",\"description\":\"DESSINATEUR PROJETEUR  en rendu 3D architecturale &amp; design\",\"publisher\":{\"@id\":\"https:\/\/project-render.fr\/#organization\"},\"potentialAction\":[{\"@type\":\"SearchAction\",\"target\":{\"@type\":\"EntryPoint\",\"urlTemplate\":\"https:\/\/project-render.fr\/?s={search_term_string}\"},\"query-input\":\"required name=search_term_string\"}],\"inLanguage\":\"fr-FR\"},{\"@type\":\"Organization\",\"@id\":\"https:\/\/project-render.fr\/#organization\",\"name\":\"project-render\",\"url\":\"https:\/\/project-render.fr\/\",\"logo\":{\"@type\":\"ImageObject\",\"inLanguage\":\"fr-FR\",\"@id\":\"https:\/\/project-render.fr\/#\/schema\/logo\/image\/\",\"url\":\"https:\/\/project-render.fr\/wp-content\/uploads\/2022\/05\/LOGO.png\",\"contentUrl\":\"https:\/\/project-render.fr\/wp-content\/uploads\/2022\/05\/LOGO.png\",\"width\":512,\"height\":512,\"caption\":\"project-render\"},\"image\":{\"@id\":\"https:\/\/project-render.fr\/#\/schema\/logo\/image\/\"}}]}<\/script>\n<!-- \/ Yoast SEO plugin. -->","yoast_head_json":{"title":"Politique de confidentialit\u00e9 - project-render","description":"Politique de confidentialit\u00e9 : nous nous engageons \u00e0 ne jamais communiquer ni revendre vos donn\u00e9es \u00e0 des tiers.","robots":{"index":"index","follow":"follow","max-snippet":"max-snippet:-1","max-image-preview":"max-image-preview:large","max-video-preview":"max-video-preview:-1"},"canonical":"https:\/\/project-render.fr\/?page_id=539","og_locale":"fr_FR","og_type":"article","og_title":"Politique de confidentialit\u00e9 - project-render","og_description":"Politique de confidentialit\u00e9 : nous nous engageons \u00e0 ne jamais communiquer ni revendre vos donn\u00e9es \u00e0 des tiers.","og_url":"https:\/\/project-render.fr\/?page_id=539","og_site_name":"project-render","twitter_card":"summary_large_image","twitter_misc":{"Dur\u00e9e de lecture estim\u00e9e":"2 minutes"},"schema":{"@context":"https:\/\/schema.org","@graph":[{"@type":"WebPage","@id":"https:\/\/project-render.fr\/?page_id=539","url":"https:\/\/project-render.fr\/?page_id=539","name":"Politique de confidentialit\u00e9 - project-render","isPartOf":{"@id":"https:\/\/project-render.fr\/#website"},"datePublished":"2020-11-04T10:28:45+00:00","dateModified":"2020-11-04T10:28:45+00:00","description":"Politique de confidentialit\u00e9 : nous nous engageons \u00e0 ne jamais communiquer ni revendre vos donn\u00e9es \u00e0 des tiers.","breadcrumb":{"@id":"https:\/\/project-render.fr\/?page_id=539#breadcrumb"},"inLanguage":"fr-FR","potentialAction":[{"@type":"ReadAction","target":["https:\/\/project-render.fr\/?page_id=539"]}]},{"@type":"BreadcrumbList","@id":"https:\/\/project-render.fr\/?page_id=539#breadcrumb","itemListElement":[{"@type":"ListItem","position":1,"name":"Accueil","item":"https:\/\/project-render.fr\/"},{"@type":"ListItem","position":2,"name":"Politique de confidentialit\u00e9"}]},{"@type":"WebSite","@id":"https:\/\/project-render.fr\/#website","url":"https:\/\/project-render.fr\/","name":"project-render","description":"DESSINATEUR PROJETEUR  en rendu 3D architecturale &amp; design","publisher":{"@id":"https:\/\/project-render.fr\/#organization"},"potentialAction":[{"@type":"SearchAction","target":{"@type":"EntryPoint","urlTemplate":"https:\/\/project-render.fr\/?s={search_term_string}"},"query-input":"required name=search_term_string"}],"inLanguage":"fr-FR"},{"@type":"Organization","@id":"https:\/\/project-render.fr\/#organization","name":"project-render","url":"https:\/\/project-render.fr\/","logo":{"@type":"ImageObject","inLanguage":"fr-FR","@id":"https:\/\/project-render.fr\/#\/schema\/logo\/image\/","url":"https:\/\/project-render.fr\/wp-content\/uploads\/2022\/05\/LOGO.png","contentUrl":"https:\/\/project-render.fr\/wp-content\/uploads\/2022\/05\/LOGO.png","width":512,"height":512,"caption":"project-render"},"image":{"@id":"https:\/\/project-render.fr\/#\/schema\/logo\/image\/"}}]}},"_links":{"self":[{"href":"https:\/\/project-render.fr\/index.php?rest_route=\/wp\/v2\/pages\/539","targetHints":{"allow":["GET"]}}],"collection":[{"href":"https:\/\/project-render.fr\/index.php?rest_route=\/wp\/v2\/pages"}],"about":[{"href":"https:\/\/project-render.fr\/index.php?rest_route=\/wp\/v2\/types\/page"}],"author":[{"embeddable":true,"href":"https:\/\/project-render.fr\/index.php?rest_route=\/wp\/v2\/users\/1"}],"replies":[{"embeddable":true,"href":"https:\/\/project-render.fr\/index.php?rest_route=%2Fwp%2Fv2%2Fcomments&post=539"}],"version-history":[{"count":1,"href":"https:\/\/project-render.fr\/index.php?rest_route=\/wp\/v2\/pages\/539\/revisions"}],"predecessor-version":[{"id":540,"href":"https:\/\/project-render.fr\/index.php?rest_route=\/wp\/v2\/pages\/539\/revisions\/540"}],"wp:attachment":[{"href":"https:\/\/project-render.fr\/index.php?rest_route=%2Fwp%2Fv2%2Fmedia&parent=539"}],"curies":[{"name":"wp","href":"https:\/\/api.w.org\/{rel}","templated":true}]}}